{"id":36,"date":"2019-10-31T18:19:25","date_gmt":"2019-10-31T17:19:25","guid":{"rendered":"http:\/\/mipax.pl\/?page_id=36"},"modified":"2023-09-06T12:16:50","modified_gmt":"2023-09-06T10:16:50","slug":"uslugi-i-doswiadczenie","status":"publish","type":"page","link":"https:\/\/mipax.pl\/index.php\/uslugi-i-doswiadczenie\/","title":{"rendered":"Us\u0142ugi i do\u015bwiadczenie"},"content":{"rendered":"\t\t<div data-elementor-type=\"wp-page\" data-elementor-id=\"36\" class=\"elementor elementor-36\" data-elementor-settings=\"{&quot;ha_cmc_init_switcher&quot;:&quot;no&quot;}\">\n\t\t\t\t\t\t<section class=\"elementor-section elementor-top-section elementor-element elementor-element-2db13e2 elementor-section-boxed elementor-section-height-default elementor-section-height-default\" data-id=\"2db13e2\" data-element_type=\"section\" data-e-type=\"section\" data-settings=\"{&quot;_ha_eqh_enable&quot;:false}\">\n\t\t\t\t\t\t<div class=\"elementor-container elementor-column-gap-default\">\n\t\t\t\t\t<div class=\"elementor-column elementor-col-100 elementor-top-column elementor-element elementor-element-8353be9\" data-id=\"8353be9\" data-element_type=\"column\" data-e-type=\"column\">\n\t\t\t<div class=\"elementor-widget-wrap elementor-element-populated\">\n\t\t\t\t\t\t<div class=\"elementor-element elementor-element-8de37e4 elementor-widget elementor-widget-text-editor\" data-id=\"8de37e4\" data-element_type=\"widget\" data-e-type=\"widget\" data-widget_type=\"text-editor.default\">\n\t\t\t\t\t\t\t\t\t<p id=\"u162-2\">\u015awiadczone przez nas us\u0142ugi to mi\u0119dzy innymi :<\/p>\n<p id=\"u162-5\">\u2013&nbsp; projektowanie i wdra\u017canie system\u00f3w CRM<\/p>\n<p id=\"u162-7\">\u2013&nbsp; budowa oraz modernizacje lokalnych sieci&nbsp; komputerowych<\/p>\n<p id=\"u162-9\">\u2013&nbsp; projektowanie \u0142\u0105czy w biurach, domach oraz pomi\u0119dzy budynkami.<\/p>\n<p id=\"u162-11\">\u2013&nbsp; konfiguracja, diagnostyka, serwis, modernizacja i konserwacja sprz\u0119tu komputerowego<\/p>\n<p id=\"u162-13\">\u2013&nbsp; us\u0142ugi konfiguracji, optymalizacji, zabezpieczenia sieciowych system\u00f3w operacyjnych zgodnie z zaleceniami normy ISO 27001<\/p>\n<p id=\"u162-17\">\u2013&nbsp; szkolenia pracownik\u00f3w<\/p>\n<p id=\"u162-21\">\u2013&nbsp; okresow\u0105 archiwizacj\u0119 danych<\/p>\n<p id=\"u162-23\">\u2013&nbsp; odzyskiwanie utraconych danych<\/p>\n<p id=\"u162-25\">\u2013&nbsp; konsultacje w dziedzinie wyboru sprz\u0119tu, oprogramowania, \u0142\u0105cz internetowych<\/p>\n<p id=\"u162-27\">\u2013&nbsp; poufno\u015b\u0107 i bezpiecze\u0144stwo \u2013 stosujemy umowy o zachowaniu poufno\u015b\u0107<\/p>\n<p id=\"u162-30\">Z naszych us\u0142ug skorzystali ju\u017c mi\u0119dzy innymi : Wydzia\u0142 Historyczny Uniwersytetu Warszawskiego, TP-Link, Centrum Zdrowia Dziecka, American Restaurants,&nbsp; Zakar, Toyota W\u0142ochy, Ambasada Kanady, Ambasada&nbsp; Republiki Malty, International Masters Publishers, Polska Akademia Medycynyb<\/p>\t\t\t\t\t\t\t\t<\/div>\n\t\t\t\t\t<\/div>\n\t\t<\/div>\n\t\t\t\t\t<\/div>\n\t\t<\/section>\n\t\t\t\t<section class=\"elementor-section elementor-top-section elementor-element elementor-element-4b175ab elementor-section-boxed elementor-section-height-default elementor-section-height-default\" data-id=\"4b175ab\" data-element_type=\"section\" data-e-type=\"section\" data-settings=\"{&quot;_ha_eqh_enable&quot;:false}\">\n\t\t\t\t\t\t<div class=\"elementor-container elementor-column-gap-default\">\n\t\t\t\t\t<div class=\"elementor-column elementor-col-100 elementor-top-column elementor-element elementor-element-f9e75d9\" data-id=\"f9e75d9\" data-element_type=\"column\" data-e-type=\"column\">\n\t\t\t<div class=\"elementor-widget-wrap elementor-element-populated\">\n\t\t\t\t\t\t<div class=\"elementor-element elementor-element-41f949e elementor-widget elementor-widget-image\" data-id=\"41f949e\" data-element_type=\"widget\" data-e-type=\"widget\" data-widget_type=\"image.default\">\n\t\t\t\t\t\t\t\t\t\t\t\t\t\t\t<img decoding=\"async\" src=\"https:\/\/mipax.pl\/wp-content\/uploads\/elementor\/thumbs\/logo_draft-p8ivpgoh8uu9ex7svvo9g9o4d2kwfwv7drz1cqnsgg.png\" title=\"logo_draft\" alt=\"logo_draft\" loading=\"lazy\" \/>\t\t\t\t\t\t\t\t\t\t\t\t\t\t\t<\/div>\n\t\t\t\t\t<\/div>\n\t\t<\/div>\n\t\t\t\t\t<\/div>\n\t\t<\/section>\n\t\t\t\t<\/div>\n\t\t","protected":false},"excerpt":{"rendered":"<p>\u015awiadczone przez nas us\u0142ugi to mi\u0119dzy innymi : \u2013&nbsp; projektowanie i wdra\u017canie system\u00f3w CRM \u2013&nbsp; budowa oraz modernizacje lokalnych sieci&nbsp; komputerowych \u2013&nbsp; projektowanie \u0142\u0105czy w biurach, domach oraz pomi\u0119dzy budynkami. \u2013&nbsp; konfiguracja, diagnostyka, serwis, modernizacja i konserwacja sprz\u0119tu komputerowego \u2013&nbsp; us\u0142ugi konfiguracji, optymalizacji, zabezpieczenia sieciowych system\u00f3w operacyjnych zgodnie z zaleceniami normy ISO 27001 \u2013&nbsp; szkolenia &hellip; <\/p>\n<p class=\"link-more\"><a href=\"https:\/\/mipax.pl\/index.php\/uslugi-i-doswiadczenie\/\" class=\"more-link\">Czytaj dalej<span class=\"screen-reader-text\"> \u201eUs\u0142ugi i do\u015bwiadczenie\u201d<\/span><\/a><\/p>\n","protected":false},"author":1,"featured_media":0,"parent":0,"menu_order":0,"comment_status":"closed","ping_status":"closed","template":"","meta":{"footnotes":""},"class_list":["post-36","page","type-page","status-publish","hentry"],"_links":{"self":[{"href":"https:\/\/mipax.pl\/index.php\/wp-json\/wp\/v2\/pages\/36","targetHints":{"allow":["GET"]}}],"collection":[{"href":"https:\/\/mipax.pl\/index.php\/wp-json\/wp\/v2\/pages"}],"about":[{"href":"https:\/\/mipax.pl\/index.php\/wp-json\/wp\/v2\/types\/page"}],"author":[{"embeddable":true,"href":"https:\/\/mipax.pl\/index.php\/wp-json\/wp\/v2\/users\/1"}],"replies":[{"embeddable":true,"href":"https:\/\/mipax.pl\/index.php\/wp-json\/wp\/v2\/comments?post=36"}],"version-history":[{"count":13,"href":"https:\/\/mipax.pl\/index.php\/wp-json\/wp\/v2\/pages\/36\/revisions"}],"predecessor-version":[{"id":165,"href":"https:\/\/mipax.pl\/index.php\/wp-json\/wp\/v2\/pages\/36\/revisions\/165"}],"wp:attachment":[{"href":"https:\/\/mipax.pl\/index.php\/wp-json\/wp\/v2\/media?parent=36"}],"curies":[{"name":"wp","href":"https:\/\/api.w.org\/{rel}","templated":true}]}}