{"id":30,"date":"2019-10-31T18:14:25","date_gmt":"2019-10-31T17:14:25","guid":{"rendered":"http:\/\/mipax.pl\/?page_id=30"},"modified":"2024-11-24T17:43:19","modified_gmt":"2024-11-24T16:43:19","slug":"o-nas","status":"publish","type":"page","link":"https:\/\/mipax.pl\/","title":{"rendered":"O Nas"},"content":{"rendered":"\t\t<div data-elementor-type=\"wp-page\" data-elementor-id=\"30\" class=\"elementor elementor-30\" data-elementor-settings=\"{&quot;ha_cmc_init_switcher&quot;:&quot;no&quot;}\">\n\t\t\t\t\t\t<section class=\"elementor-section elementor-top-section elementor-element elementor-element-e15a364 elementor-section-boxed elementor-section-height-default elementor-section-height-default\" data-id=\"e15a364\" data-element_type=\"section\" data-e-type=\"section\" data-settings=\"{&quot;_ha_eqh_enable&quot;:false}\">\n\t\t\t\t\t\t<div class=\"elementor-container elementor-column-gap-default\">\n\t\t\t\t\t<div class=\"elementor-column elementor-col-100 elementor-top-column elementor-element elementor-element-787c7d8\" data-id=\"787c7d8\" data-element_type=\"column\" data-e-type=\"column\">\n\t\t\t<div class=\"elementor-widget-wrap elementor-element-populated\">\n\t\t\t\t\t\t<div class=\"elementor-element elementor-element-3c21cf4 elementor-widget elementor-widget-text-editor\" data-id=\"3c21cf4\" data-element_type=\"widget\" data-e-type=\"widget\" data-widget_type=\"text-editor.default\">\n\t\t\t\t\t\t\t\t\t<p>Od&nbsp; 2003 roku specjalizujemy si\u0119 w kompleksowej obs\u0142udze informatycznej Firm oraz zagadnieniach bezpiecze\u0144stwa system\u00f3w i sieci komputerowych. Zajmujemy si\u0119 szeroko rozumianym wsparciem u\u017cytkownika, opiek\u0105 informatyczn\u0105 oraz us\u0142ugami serwisowymi obejmuj\u0105cymi projektowanie konfigurowanie i administrowanie systemami informatycznymi. Usprawnimy dzia\u0142anie i obni\u017cymy koszty obs\u0142ugi informatycznej Pa\u0144stwa Firmy, zapewniaj\u0105c najwy\u017csz\u0105 jako\u015b\u0107 us\u0142ug . Zajmiemy si\u0119 serwisem sprz\u0119tu, urz\u0105dze\u0144 peryferyjnych. Powierzaj\u0105c naszej opiece swoje systemy informatyczne, zyskaj\u0105 Pa\u0144stwo stabilne i bezawaryjnie dzia\u0142aj\u0105ce komputery, sprawne drukarki oraz zapewnione bezpiecze\u0144stwo sieci, co w konsekwencji przyczyni si\u0119 do podniesienia wydajno\u015bci pracy oraz zadowolenia u\u017cytkownik\u00f3w i klient\u00f3w. W chwili obecnej outsourcing informatyczny to g\u0142\u00f3wny kierunek naszej dzia\u0142alno\u015bci. Jest to metoda zarz\u0105dzania przynosz\u0105ca Klientom wymierne efekty w postaci oszcz\u0119dno\u015bci zasob\u00f3w, kapita\u0142u oraz polepszenia jako\u015bci us\u0142ug<\/p>\t\t\t\t\t\t\t\t<\/div>\n\t\t\t\t\t<\/div>\n\t\t<\/div>\n\t\t\t\t\t<\/div>\n\t\t<\/section>\n\t\t\t\t<section class=\"elementor-section elementor-top-section elementor-element elementor-element-caf37e1 elementor-section-boxed elementor-section-height-default elementor-section-height-default\" data-id=\"caf37e1\" data-element_type=\"section\" data-e-type=\"section\" data-settings=\"{&quot;_ha_eqh_enable&quot;:false}\">\n\t\t\t\t\t\t<div class=\"elementor-container elementor-column-gap-default\">\n\t\t\t\t\t<div class=\"elementor-column elementor-col-100 elementor-top-column elementor-element elementor-element-c833a46\" data-id=\"c833a46\" data-element_type=\"column\" data-e-type=\"column\">\n\t\t\t<div class=\"elementor-widget-wrap elementor-element-populated\">\n\t\t\t\t\t\t<div class=\"elementor-element elementor-element-7616b0e elementor-widget elementor-widget-image\" data-id=\"7616b0e\" data-element_type=\"widget\" data-e-type=\"widget\" data-widget_type=\"image.default\">\n\t\t\t\t\t\t\t\t\t\t\t\t\t\t\t<img decoding=\"async\" src=\"https:\/\/mipax.pl\/wp-content\/uploads\/elementor\/thumbs\/logo_draft-p8ivpgoh8uu9ex7svvo9g9o4d2kwfwv7drz1cqnsgg.png\" title=\"logo_draft\" alt=\"logo_draft\" loading=\"lazy\" \/>\t\t\t\t\t\t\t\t\t\t\t\t\t\t\t<\/div>\n\t\t\t\t\t<\/div>\n\t\t<\/div>\n\t\t\t\t\t<\/div>\n\t\t<\/section>\n\t\t<div class=\"elementor-element elementor-element-4f55421 e-flex e-con-boxed e-con e-parent\" data-id=\"4f55421\" data-element_type=\"container\" data-e-type=\"container\" data-settings=\"{&quot;_ha_eqh_enable&quot;:false}\">\n\t\t\t\t\t<div class=\"e-con-inner\">\n\t\t\t\t<div class=\"elementor-element elementor-element-3091aee elementor-widget elementor-widget-video\" data-id=\"3091aee\" data-element_type=\"widget\" data-e-type=\"widget\" data-settings=\"{&quot;youtube_url&quot;:&quot;https:\\\/\\\/youtu.be\\\/F-RzWF4FWVA?si=YcaZol_1yYZ_hIrf&quot;,&quot;video_type&quot;:&quot;youtube&quot;,&quot;controls&quot;:&quot;yes&quot;}\" data-widget_type=\"video.default\">\n\t\t\t\t\t\t\t<div class=\"elementor-wrapper elementor-open-inline\">\n\t\t\t<div class=\"elementor-video\"><\/div>\t\t<\/div>\n\t\t\t\t\t\t<\/div>\n\t\t\t\t\t<\/div>\n\t\t\t\t<\/div>\n\t\t<div class=\"elementor-element elementor-element-814ab82 e-flex e-con-boxed e-con e-parent\" data-id=\"814ab82\" data-element_type=\"container\" data-e-type=\"container\" data-settings=\"{&quot;_ha_eqh_enable&quot;:false}\">\n\t\t\t\t\t<div class=\"e-con-inner\">\n\t\t\t\t<div class=\"elementor-element elementor-element-7f7736c elementor-widget elementor-widget-video\" data-id=\"7f7736c\" data-element_type=\"widget\" data-e-type=\"widget\" data-settings=\"{&quot;youtube_url&quot;:&quot;https:\\\/\\\/www.youtube.com\\\/watch?v=MaQNWBtQmZY&quot;,&quot;video_type&quot;:&quot;youtube&quot;,&quot;controls&quot;:&quot;yes&quot;}\" data-widget_type=\"video.default\">\n\t\t\t\t\t\t\t<div class=\"elementor-wrapper elementor-open-inline\">\n\t\t\t<div class=\"elementor-video\"><\/div>\t\t<\/div>\n\t\t\t\t\t\t<\/div>\n\t\t\t\t\t<\/div>\n\t\t\t\t<\/div>\n\t\t\t\t<\/div>\n\t\t","protected":false},"excerpt":{"rendered":"<p>Od&nbsp; 2003 roku specjalizujemy si\u0119 w kompleksowej obs\u0142udze informatycznej Firm oraz zagadnieniach bezpiecze\u0144stwa system\u00f3w i sieci komputerowych. Zajmujemy si\u0119 szeroko rozumianym wsparciem u\u017cytkownika, opiek\u0105 informatyczn\u0105 oraz us\u0142ugami serwisowymi obejmuj\u0105cymi projektowanie konfigurowanie i administrowanie systemami informatycznymi. Usprawnimy dzia\u0142anie i obni\u017cymy koszty obs\u0142ugi informatycznej Pa\u0144stwa Firmy, zapewniaj\u0105c najwy\u017csz\u0105 jako\u015b\u0107 us\u0142ug . Zajmiemy si\u0119 serwisem sprz\u0119tu, urz\u0105dze\u0144 peryferyjnych. &hellip; <\/p>\n<p class=\"link-more\"><a href=\"https:\/\/mipax.pl\/\" class=\"more-link\">Czytaj dalej<span class=\"screen-reader-text\"> \u201eO Nas\u201d<\/span><\/a><\/p>\n","protected":false},"author":1,"featured_media":0,"parent":0,"menu_order":0,"comment_status":"closed","ping_status":"closed","template":"","meta":{"footnotes":""},"class_list":["post-30","page","type-page","status-publish","hentry"],"_links":{"self":[{"href":"https:\/\/mipax.pl\/index.php\/wp-json\/wp\/v2\/pages\/30","targetHints":{"allow":["GET"]}}],"collection":[{"href":"https:\/\/mipax.pl\/index.php\/wp-json\/wp\/v2\/pages"}],"about":[{"href":"https:\/\/mipax.pl\/index.php\/wp-json\/wp\/v2\/types\/page"}],"author":[{"embeddable":true,"href":"https:\/\/mipax.pl\/index.php\/wp-json\/wp\/v2\/users\/1"}],"replies":[{"embeddable":true,"href":"https:\/\/mipax.pl\/index.php\/wp-json\/wp\/v2\/comments?post=30"}],"version-history":[{"count":20,"href":"https:\/\/mipax.pl\/index.php\/wp-json\/wp\/v2\/pages\/30\/revisions"}],"predecessor-version":[{"id":194,"href":"https:\/\/mipax.pl\/index.php\/wp-json\/wp\/v2\/pages\/30\/revisions\/194"}],"wp:attachment":[{"href":"https:\/\/mipax.pl\/index.php\/wp-json\/wp\/v2\/media?parent=30"}],"curies":[{"name":"wp","href":"https:\/\/api.w.org\/{rel}","templated":true}]}}